{"id":1,"date":"2014-02-20T00:47:51","date_gmt":"2014-02-20T00:47:51","guid":{"rendered":"https:\/\/2014.peru.wordcamp.org\/schedule\/"},"modified":"2014-08-27T01:52:31","modified_gmt":"2014-08-27T06:52:31","slug":"programa","status":"publish","type":"page","link":"https:\/\/peru.wordcamp.org\/2014\/programa\/","title":{"rendered":"Programa"},"content":{"rendered":"<table class=\"wcpt-schedule\" border=\"0\"><thead><tr><th class=\"wcpt-col-time\">Hora<\/th><th class=\"wcpt-col-track\"> <span class=\"wcpt-track-name\">Auditorio Bancalari<\/span> <span class=\"wcpt-track-description\">(Torre H)<\/span> <\/th><th class=\"wcpt-col-track\"> <span class=\"wcpt-track-name\">Aula Magna<\/span> <span class=\"wcpt-track-description\">(Torre A)<\/span> <\/th><\/tr><\/thead><tbody><tr class=\"wcpt-time-900am global-session registro-de-asistentes\"><td class=\"wcpt-time\">9:00&nbsp;am<\/td><td colspan=\"2\" class=\"wcb-track-auditorio-bancalari wcb-track-aula-magna wcpt-session-type-custom wcb-session-registro-de-asistentes\" data-track-title=\"Auditorio Bancalari, Aula Magna\" data-session-id=\"141010\"><div class=\"wcb-session-cell-content\"><span class=\"wcpt-session-title\">Registro de asistentes<\/span><\/div><\/td><\/tr><tr class=\"wcpt-time-945am global-session apertura-del-wordcamp-lima-2014\"><td class=\"wcpt-time\">9:45&nbsp;am<\/td><td colspan=\"2\" class=\"wcb-track-auditorio-bancalari wcb-track-aula-magna wcpt-session-type-custom wcb-session-apertura-del-wordcamp-lima-2014\" data-track-title=\"Auditorio Bancalari, Aula Magna\" data-session-id=\"141049\"><div class=\"wcb-session-cell-content\"><span class=\"wcpt-session-title\">Apertura del WordCamp Lima 2014<\/span><\/div><\/td><\/tr><tr class=\"wcpt-time-1000am\"><td class=\"wcpt-time\">10:00&nbsp;am<\/td><td colspan=\"1\" class=\"wcb-speaker-diego-lerma wcb-track-auditorio-bancalari wcpt-session-type-session wcb-session-wordpress-4-0\" data-track-title=\"Auditorio Bancalari\" data-session-id=\"141018\"><div class=\"wcb-session-cell-content\"><a class=\"wcpt-session-title\" href=\"https:\/\/peru.wordcamp.org\/2014\/session\/wordpress-4-0\/\">WordPress 4.0<\/a> <span class=\"wcpt-session-speakers\">Diego Lerma<\/span><\/div><div class=\"wcb-session-favourite-icon\"><a href=\"#\" role=\"button\" class=\"fav-session-button\" aria-pressed=\"false\"><span class=\"screen-reader-text\">Sesi\u00f3n favorita: WordPress 4.0<\/span><span class=\"dashicons dashicons-star-filled\"><\/span><\/a><\/div><\/td><td colspan=\"1\" class=\"wcb-speaker-daniel-segura wcb-track-aula-magna wcpt-session-type-session wcb-session-wordpress-y-el-ecosistema-freelance\" data-track-title=\"Aula Magna\" data-session-id=\"141197\"><div class=\"wcb-session-cell-content\"><a class=\"wcpt-session-title\" href=\"https:\/\/peru.wordcamp.org\/2014\/session\/wordpress-y-el-ecosistema-freelance\/\">WordPress y el ecosistema freelance<\/a> <span class=\"wcpt-session-speakers\">Daniel Segura<\/span><\/div><div class=\"wcb-session-favourite-icon\"><a href=\"#\" role=\"button\" class=\"fav-session-button\" aria-pressed=\"false\"><span class=\"screen-reader-text\">Sesi\u00f3n favorita: WordPress y el ecosistema freelance<\/span><span class=\"dashicons dashicons-star-filled\"><\/span><\/a><\/div><\/td><\/tr><tr class=\"wcpt-time-1030am\"><td class=\"wcpt-time\">10:30&nbsp;am<\/td><td colspan=\"1\" class=\"wcb-speaker-braulio-aquino wcb-track-auditorio-bancalari wcpt-session-type-session wcb-session-herramientas-y-recursos-para-editores\" data-track-title=\"Auditorio Bancalari\" data-session-id=\"141021\"><div class=\"wcb-session-cell-content\"><a class=\"wcpt-session-title\" href=\"https:\/\/peru.wordcamp.org\/2014\/session\/herramientas-y-recursos-para-editores\/\">Herramientas y recursos para editores<\/a> <span class=\"wcpt-session-speakers\">Braulio Aquino<\/span><\/div><div class=\"wcb-session-favourite-icon\"><a href=\"#\" role=\"button\" class=\"fav-session-button\" aria-pressed=\"false\"><span class=\"screen-reader-text\">Sesi\u00f3n favorita: Herramientas y recursos para editores<\/span><span class=\"dashicons dashicons-star-filled\"><\/span><\/a><\/div><\/td><td colspan=\"1\" class=\"wcb-speaker-cesar-aquino wcb-track-aula-magna wcpt-session-type-session wcb-session-maquetacion-rapida-con-emmet-stylus-y-sublime-text\" data-track-title=\"Aula Magna\" data-session-id=\"141191\"><div class=\"wcb-session-cell-content\"><a class=\"wcpt-session-title\" href=\"https:\/\/peru.wordcamp.org\/2014\/session\/maquetacion-rapida-con-emmet-stylus-y-sublime-text\/\">Maquetaci\u00f3n r\u00e1pida con Emmet, Stylus y Sublime Text<\/a> <span class=\"wcpt-session-speakers\">Cesar Aquino<\/span><\/div><div class=\"wcb-session-favourite-icon\"><a href=\"#\" role=\"button\" class=\"fav-session-button\" aria-pressed=\"false\"><span class=\"screen-reader-text\">Sesi\u00f3n favorita: Maquetaci\u00f3n r\u00e1pida con Emmet, Stylus y Sublime Text<\/span><span class=\"dashicons dashicons-star-filled\"><\/span><\/a><\/div><\/td><\/tr><tr class=\"wcpt-time-1100am\"><td class=\"wcpt-time\">11:00&nbsp;am<\/td><td colspan=\"1\" class=\"wcb-speaker-mariella-miranda wcb-track-auditorio-bancalari wcpt-session-type-session wcb-session-buenas-practicas-de-diseno-y-maquetado-para-wordpress\" data-track-title=\"Auditorio Bancalari\" data-session-id=\"141026\"><div class=\"wcb-session-cell-content\"><a class=\"wcpt-session-title\" href=\"https:\/\/peru.wordcamp.org\/2014\/session\/buenas-practicas-de-diseno-y-maquetado-para-wordpress\/\">Buenas pr\u00e1cticas de dise\u00f1o y maquetado para WordPress<\/a> <span class=\"wcpt-session-speakers\">Mariella Miranda<\/span><\/div><div class=\"wcb-session-favourite-icon\"><a href=\"#\" role=\"button\" class=\"fav-session-button\" aria-pressed=\"false\"><span class=\"screen-reader-text\">Sesi\u00f3n favorita: Buenas pr\u00e1cticas de dise\u00f1o y maquetado para WordPress<\/span><span class=\"dashicons dashicons-star-filled\"><\/span><\/a><\/div><\/td><td colspan=\"1\" class=\"wcb-speaker-edgar-marca wcb-track-aula-magna wcpt-session-type-session wcb-session-wp-cli-wordpress-en-linea-de-comandos\" data-track-title=\"Aula Magna\" data-session-id=\"141229\"><div class=\"wcb-session-cell-content\"><a class=\"wcpt-session-title\" href=\"https:\/\/peru.wordcamp.org\/2014\/session\/wp-cli-wordpress-en-linea-de-comandos\/\">WP-CLI, WordPress en l\u00ednea de comandos<\/a> <span class=\"wcpt-session-speakers\">Edgar Marca<\/span><\/div><div class=\"wcb-session-favourite-icon\"><a href=\"#\" role=\"button\" class=\"fav-session-button\" aria-pressed=\"false\"><span class=\"screen-reader-text\">Sesi\u00f3n favorita: WP-CLI, WordPress en l\u00ednea de comandos<\/span><span class=\"dashicons dashicons-star-filled\"><\/span><\/a><\/div><\/td><\/tr><tr class=\"wcpt-time-1130am\"><td class=\"wcpt-time\">11:30&nbsp;am<\/td><td colspan=\"1\" class=\"wcb-speaker-henry-silva wcb-track-auditorio-bancalari wcpt-session-type-session wcb-session-optimizacion-seo-on-site-con-wordpress\" data-track-title=\"Auditorio Bancalari\" data-session-id=\"141028\"><div class=\"wcb-session-cell-content\"><a class=\"wcpt-session-title\" href=\"https:\/\/peru.wordcamp.org\/2014\/session\/optimizacion-seo-on-site-con-wordpress\/\">Optimizaci\u00f3n SEO on-site con WordPress<\/a> <span class=\"wcpt-session-speakers\">Henry Silva<\/span><\/div><div class=\"wcb-session-favourite-icon\"><a href=\"#\" role=\"button\" class=\"fav-session-button\" aria-pressed=\"false\"><span class=\"screen-reader-text\">Sesi\u00f3n favorita: Optimizaci\u00f3n SEO on-site con WordPress<\/span><span class=\"dashicons dashicons-star-filled\"><\/span><\/a><\/div><\/td><td colspan=\"1\" class=\"wcb-speaker-julio-lopez wcb-track-aula-magna wcpt-session-type-session wcb-session-test-driven-development-en-wordpress-2\" data-track-title=\"Aula Magna\" data-session-id=\"141195\"><div class=\"wcb-session-cell-content\"><a class=\"wcpt-session-title\" href=\"https:\/\/peru.wordcamp.org\/2014\/session\/test-driven-development-en-wordpress-2\/\">Test Driven Development en WordPress<\/a> <span class=\"wcpt-session-speakers\">Julio L\u00f3pez<\/span><\/div><div class=\"wcb-session-favourite-icon\"><a href=\"#\" role=\"button\" class=\"fav-session-button\" aria-pressed=\"false\"><span class=\"screen-reader-text\">Sesi\u00f3n favorita: Test Driven Development en WordPress<\/span><span class=\"dashicons dashicons-star-filled\"><\/span><\/a><\/div><\/td><\/tr><tr class=\"wcpt-time-1200pm\"><td class=\"wcpt-time\">12:00&nbsp;pm<\/td><td colspan=\"1\" class=\"wcb-speaker-alexander-gonzales wcb-track-auditorio-bancalari wcpt-session-type-session wcb-session-tienda-online-con-woocommerce\" data-track-title=\"Auditorio Bancalari\" data-session-id=\"141030\"><div class=\"wcb-session-cell-content\"><a class=\"wcpt-session-title\" href=\"https:\/\/peru.wordcamp.org\/2014\/session\/tienda-online-con-woocommerce\/\">Tienda online con Woocommerce<\/a> <span class=\"wcpt-session-speakers\">Alexander Gonz\u00e1les<\/span><\/div><div class=\"wcb-session-favourite-icon\"><a href=\"#\" role=\"button\" class=\"fav-session-button\" aria-pressed=\"false\"><span class=\"screen-reader-text\">Sesi\u00f3n favorita: Tienda online con Woocommerce<\/span><span class=\"dashicons dashicons-star-filled\"><\/span><\/a><\/div><\/td><td colspan=\"1\" class=\"wcb-speaker-harry-colchado wcb-track-aula-magna wcpt-session-type-session wcb-session-10-tips-para-desarrolladores-2\" data-track-title=\"Aula Magna\" data-session-id=\"141188\"><div class=\"wcb-session-cell-content\"><a class=\"wcpt-session-title\" href=\"https:\/\/peru.wordcamp.org\/2014\/session\/10-tips-para-desarrolladores-2\/\">10 tips para desarrolladores<\/a> <span class=\"wcpt-session-speakers\">Harry Colchado<\/span><\/div><div class=\"wcb-session-favourite-icon\"><a href=\"#\" role=\"button\" class=\"fav-session-button\" aria-pressed=\"false\"><span class=\"screen-reader-text\">Sesi\u00f3n favorita: 10 tips para desarrolladores<\/span><span class=\"dashicons dashicons-star-filled\"><\/span><\/a><\/div><\/td><\/tr><tr class=\"wcpt-time-1230pm global-session presentacin-de-auspiciadores-y-sorteos\"><td class=\"wcpt-time\">12:30&nbsp;pm<\/td><td colspan=\"2\" class=\"wcb-track-auditorio-bancalari wcb-track-aula-magna wcpt-session-type-custom wcb-session-presentacion-de-auspiciadores-y-sorteos\" data-track-title=\"Auditorio Bancalari, Aula Magna\" data-session-id=\"141032\"><div class=\"wcb-session-cell-content\"><span class=\"wcpt-session-title\">Presentaci\u00f3n de auspiciadores y sorteos<\/span><\/div><\/td><\/tr><tr class=\"wcpt-time-100pm global-session almuerzo-y-networking\"><td class=\"wcpt-time\">1:00&nbsp;pm<\/td><td colspan=\"2\" class=\"wcb-track-auditorio-bancalari wcb-track-aula-magna wcpt-session-type-custom wcb-session-almuerzo-y-networking\" data-track-title=\"Auditorio Bancalari, Aula Magna\" data-session-id=\"141034\"><div class=\"wcb-session-cell-content\"><span class=\"wcpt-session-title\">Almuerzo y networking<\/span><\/div><\/td><\/tr><tr class=\"wcpt-time-200pm\"><td class=\"wcpt-time\">2:00&nbsp;pm<\/td><td colspan=\"1\" class=\"wcb-speaker-daniel-segura wcb-track-auditorio-bancalari wcpt-session-type-session wcb-session-wordpress-y-el-ecosistema-freelance-2\" data-track-title=\"Auditorio Bancalari\" data-session-id=\"141036\"><div class=\"wcb-session-cell-content\"><a class=\"wcpt-session-title\" href=\"https:\/\/peru.wordcamp.org\/2014\/session\/wordpress-y-el-ecosistema-freelance-2\/\">WordPress y el ecosistema freelance<\/a> <span class=\"wcpt-session-speakers\">Daniel Segura<\/span><\/div><div class=\"wcb-session-favourite-icon\"><a href=\"#\" role=\"button\" class=\"fav-session-button\" aria-pressed=\"false\"><span class=\"screen-reader-text\">Sesi\u00f3n favorita: WordPress y el ecosistema freelance<\/span><span class=\"dashicons dashicons-star-filled\"><\/span><\/a><\/div><\/td><td colspan=\"1\" class=\"wcb-speaker-arnold-roa wcb-track-aula-magna wcpt-session-type-session wcb-session-como-hacer-un-verdadero-sitio-multi-idioma\" data-track-title=\"Aula Magna\" data-session-id=\"141199\"><div class=\"wcb-session-cell-content\"><a class=\"wcpt-session-title\" href=\"https:\/\/peru.wordcamp.org\/2014\/session\/como-hacer-un-verdadero-sitio-multi-idioma\/\">C\u00f3mo hacer un verdadero sitio multi-idioma<\/a> <span class=\"wcpt-session-speakers\">Arnold Roa<\/span><\/div><div class=\"wcb-session-favourite-icon\"><a href=\"#\" role=\"button\" class=\"fav-session-button\" aria-pressed=\"false\"><span class=\"screen-reader-text\">Sesi\u00f3n favorita: C\u00f3mo hacer un verdadero sitio multi-idioma<\/span><span class=\"dashicons dashicons-star-filled\"><\/span><\/a><\/div><\/td><\/tr><tr class=\"wcpt-time-230pm\"><td class=\"wcpt-time\">2:30&nbsp;pm<\/td><td colspan=\"1\" class=\"wcb-speaker-harry-colchado wcb-track-auditorio-bancalari wcpt-session-type-session wcb-session-10-tips-para-desarrolladores\" data-track-title=\"Auditorio Bancalari\" data-session-id=\"141038\"><div class=\"wcb-session-cell-content\"><a class=\"wcpt-session-title\" href=\"https:\/\/peru.wordcamp.org\/2014\/session\/10-tips-para-desarrolladores\/\">10 tips para desarrolladores<\/a> <span class=\"wcpt-session-speakers\">Harry Colchado<\/span><\/div><div class=\"wcb-session-favourite-icon\"><a href=\"#\" role=\"button\" class=\"fav-session-button\" aria-pressed=\"false\"><span class=\"screen-reader-text\">Sesi\u00f3n favorita: 10 tips para desarrolladores<\/span><span class=\"dashicons dashicons-star-filled\"><\/span><\/a><\/div><\/td><td colspan=\"1\" class=\"wcb-speaker-jose-planas wcb-track-aula-magna wcpt-session-type-session wcb-session-startups-wordpress-2\" data-track-title=\"Aula Magna\" data-session-id=\"141201\"><div class=\"wcb-session-cell-content\"><a class=\"wcpt-session-title\" href=\"https:\/\/peru.wordcamp.org\/2014\/session\/startups-wordpress-2\/\">Startups &amp; WordPress<\/a> <span class=\"wcpt-session-speakers\">Jos\u00e9 Planas<\/span><\/div><div class=\"wcb-session-favourite-icon\"><a href=\"#\" role=\"button\" class=\"fav-session-button\" aria-pressed=\"false\"><span class=\"screen-reader-text\">Sesi\u00f3n favorita: Startups &amp; WordPress<\/span><span class=\"dashicons dashicons-star-filled\"><\/span><\/a><\/div><\/td><\/tr><tr class=\"wcpt-time-300pm\"><td class=\"wcpt-time\">3:00&nbsp;pm<\/td><td colspan=\"1\" class=\"wcb-speaker-arnold-roa wcb-track-auditorio-bancalari wcpt-session-type-session wcb-session-como-hacer-un-verdadero-sitio-multi-idioma-2\" data-track-title=\"Auditorio Bancalari\" data-session-id=\"141045\"><div class=\"wcb-session-cell-content\"><a class=\"wcpt-session-title\" href=\"https:\/\/peru.wordcamp.org\/2014\/session\/como-hacer-un-verdadero-sitio-multi-idioma-2\/\">C\u00f3mo hacer un verdadero sitio multi-idioma<\/a> <span class=\"wcpt-session-speakers\">Arnold Roa<\/span><\/div><div class=\"wcb-session-favourite-icon\"><a href=\"#\" role=\"button\" class=\"fav-session-button\" aria-pressed=\"false\"><span class=\"screen-reader-text\">Sesi\u00f3n favorita: C\u00f3mo hacer un verdadero sitio multi-idioma<\/span><span class=\"dashicons dashicons-star-filled\"><\/span><\/a><\/div><\/td><td colspan=\"1\" class=\"wcb-speaker-braulio-aquino wcb-track-aula-magna wcpt-session-type-session wcb-session-custom-fields-types-taxonomies\" data-track-title=\"Aula Magna\" data-session-id=\"141203\"><div class=\"wcb-session-cell-content\"><a class=\"wcpt-session-title\" href=\"https:\/\/peru.wordcamp.org\/2014\/session\/custom-fields-types-taxonomies\/\">Custom Fields, Types &amp; Taxonomies<\/a> <span class=\"wcpt-session-speakers\">Braulio Aquino<\/span><\/div><div class=\"wcb-session-favourite-icon\"><a href=\"#\" role=\"button\" class=\"fav-session-button\" aria-pressed=\"false\"><span class=\"screen-reader-text\">Sesi\u00f3n favorita: Custom Fields, Types &amp; Taxonomies<\/span><span class=\"dashicons dashicons-star-filled\"><\/span><\/a><\/div><\/td><\/tr><tr class=\"wcpt-time-330pm\"><td class=\"wcpt-time\">3:30&nbsp;pm<\/td><td colspan=\"1\" class=\"wcb-speaker-jose-planas wcb-track-auditorio-bancalari wcpt-session-type-session wcb-session-startups-wordpress\" data-track-title=\"Auditorio Bancalari\" data-session-id=\"141040\"><div class=\"wcb-session-cell-content\"><a class=\"wcpt-session-title\" href=\"https:\/\/peru.wordcamp.org\/2014\/session\/startups-wordpress\/\">Startups &amp; WordPress<\/a> <span class=\"wcpt-session-speakers\">Jos\u00e9 Planas<\/span><\/div><div class=\"wcb-session-favourite-icon\"><a href=\"#\" role=\"button\" class=\"fav-session-button\" aria-pressed=\"false\"><span class=\"screen-reader-text\">Sesi\u00f3n favorita: Startups &amp; WordPress<\/span><span class=\"dashicons dashicons-star-filled\"><\/span><\/a><\/div><\/td><td colspan=\"1\" class=\"wcb-speaker-alexander-gonzales wcb-track-aula-magna wcpt-session-type-session wcb-session-tienda-online-con-woocommerce-2\" data-track-title=\"Aula Magna\" data-session-id=\"141205\"><div class=\"wcb-session-cell-content\"><a class=\"wcpt-session-title\" href=\"https:\/\/peru.wordcamp.org\/2014\/session\/tienda-online-con-woocommerce-2\/\">Tienda online con Woocommerce<\/a> <span class=\"wcpt-session-speakers\">Alexander Gonz\u00e1les<\/span><\/div><div class=\"wcb-session-favourite-icon\"><a href=\"#\" role=\"button\" class=\"fav-session-button\" aria-pressed=\"false\"><span class=\"screen-reader-text\">Sesi\u00f3n favorita: Tienda online con Woocommerce<\/span><span class=\"dashicons dashicons-star-filled\"><\/span><\/a><\/div><\/td><\/tr><tr class=\"wcpt-time-400pm\"><td class=\"wcpt-time\">4:00&nbsp;pm<\/td><td colspan=\"1\" class=\"wcb-speaker-karen-arnold wcb-track-auditorio-bancalari wcpt-session-type-session wcb-session-no-termina-con-el-desarrollo-la-importancia-de-dar-buen-soporte\" data-track-title=\"Auditorio Bancalari\" data-session-id=\"141042\"><div class=\"wcb-session-cell-content\"><a class=\"wcpt-session-title\" href=\"https:\/\/peru.wordcamp.org\/2014\/session\/no-termina-con-el-desarrollo-la-importancia-de-dar-buen-soporte\/\">No termina con el desarrollo, la importancia de dar buen soporte<\/a> <span class=\"wcpt-session-speakers\">Karen Arnold<\/span><\/div><div class=\"wcb-session-favourite-icon\"><a href=\"#\" role=\"button\" class=\"fav-session-button\" aria-pressed=\"false\"><span class=\"screen-reader-text\">Sesi\u00f3n favorita: No termina con el desarrollo, la importancia de dar buen soporte<\/span><span class=\"dashicons dashicons-star-filled\"><\/span><\/a><\/div><\/td><td colspan=\"1\" class=\"wcb-speaker-karen-arnold wcb-track-aula-magna wcpt-session-type-session wcb-session-no-termina-con-el-desarrollo-la-importancia-de-dar-buen-soporte-streaming-del-auditorio\" data-track-title=\"Aula Magna\" data-session-id=\"141207\"><div class=\"wcb-session-cell-content\"><a class=\"wcpt-session-title\" href=\"https:\/\/peru.wordcamp.org\/2014\/session\/no-termina-con-el-desarrollo-la-importancia-de-dar-buen-soporte-streaming-del-auditorio\/\">No termina con el desarrollo, la importancia de dar buen soporte (Streaming del Auditorio)<\/a> <span class=\"wcpt-session-speakers\">Karen Arnold<\/span><\/div><div class=\"wcb-session-favourite-icon\"><a href=\"#\" role=\"button\" class=\"fav-session-button\" aria-pressed=\"false\"><span class=\"screen-reader-text\">Sesi\u00f3n favorita: No termina con el desarrollo, la importancia de dar buen soporte (Streaming del Auditorio)<\/span><span class=\"dashicons dashicons-star-filled\"><\/span><\/a><\/div><\/td><\/tr><tr class=\"wcpt-time-430pm global-session clausura-y-sorteos\"><td class=\"wcpt-time\">4:30&nbsp;pm<\/td><td colspan=\"2\" class=\"wcb-track-auditorio-bancalari wcb-track-aula-magna wcpt-session-type-custom wcb-session-clausura-y-sorteos\" data-track-title=\"Auditorio Bancalari, Aula Magna\" data-session-id=\"141047\"><div class=\"wcb-session-cell-content\"><span class=\"wcpt-session-title\">Clausura y sorteos<\/span><\/div><\/td><\/tr><\/tbody><\/table>\n\t<div class=\"email-form fav-session-email-form-hide\">\n\t\t<!-- Tab links -->\n\t\t<div class=\"fav-session-share-tab\">\n\t\t\t\t\t\t\t<div class=\"fav-session-tablinks\" id=\"fav-session-btn-email\">\n\t\t\t\t\tCorreo electr\u00f3nico\t\t\t\t<\/div>\n\t\t\t\n\t\t\t<div class=\"fav-session-tablinks\" id=\"fav-session-btn-link\">\n\t\t\t\tEnlace\t\t\t<\/div>\n\n\t\t\t<div class=\"fav-session-tablinks\" id=\"fav-session-btn-print\">\n\t\t\t\tImprimir\t\t\t<\/div>\n\t\t<\/div>\n\n\t\t<!-- Tab content -->\n\t\t\t\t\t<div id=\"fav-session-tab-email\" class=\"fav-session-share-tabcontent\">\n\t\t\t\t<div id=\"fav-session-email-form\">\n\t\t\t\t\tEnv\u00edame mis sesiones favoritas:\n\t\t\t\t\t<form id=\"fav-sessions-form\">\n\t\t\t\t\t\t<input\n\t\t\t\t\t\t\ttype=\"text\"\n\t\t\t\t\t\t\tname=\"email_address\"\n\t\t\t\t\t\t\tid=\"fav-sessions-email-address\"\n\t\t\t\t\t\t\tplaceholder=\"me@protonmail.com\"\n\t\t\t\t\t\t\/>\n\t\t\t\t\t\t<input type=\"submit\" value=\"Enviar\" \/>\n\t\t\t\t\t<\/form>\n\t\t\t\t<\/div>\n\n\t\t\t\t<div class=\"fav-session-email-wait-spinner\"><\/div>\n\t\t\t\t<div class=\"fav-session-email-result\"><\/div>\n\t\t\t<\/div>\n\t\t\n\t\t<div id=\"fav-session-tab-link\" class=\"fav-session-share-tabcontent\">\n\t\t\tEnlace compartible:\t\t\t<br \/>\n\t\t\t<a id=\"fav-sessions-link\" href=\"\"><\/a>\n\t\t<\/div>\n\n\t\t<div id=\"fav-session-tab-print\" class=\"fav-session-share-tabcontent\">\n\t\t\t<button id=\"fav-session-print\">\n\t\t\t\tImprimir sesiones favoritas\t\t\t<\/button>\n\t\t<\/div>\n\t<\/div>\n\n\t<a class=\"show-email-form\" href=\"javascript:\">\n\t\t<span class=\"dashicons dashicons-star-filled\"><\/span>\n\t\t<span class=\"dashicons dashicons-email-alt\"><\/span>\n\t<\/a>\n\n\t\n","protected":false},"excerpt":{"rendered":"","protected":false},"author":1187475,"featured_media":0,"parent":0,"menu_order":0,"comment_status":"closed","ping_status":"closed","template":"template-full-width.php","meta":{"_crdt_document":"","jetpack_post_was_ever_published":false,"footnotes":""},"class_list":["post-1","page","type-page","status-publish","hentry"],"jetpack_shortlink":"https:\/\/wp.me\/P4mII0-1","jetpack_sharing_enabled":true,"_links":{"self":[{"href":"https:\/\/peru.wordcamp.org\/2014\/wp-json\/wp\/v2\/pages\/1","targetHints":{"allow":["GET"]}}],"collection":[{"href":"https:\/\/peru.wordcamp.org\/2014\/wp-json\/wp\/v2\/pages"}],"about":[{"href":"https:\/\/peru.wordcamp.org\/2014\/wp-json\/wp\/v2\/types\/page"}],"author":[{"embeddable":true,"href":"https:\/\/peru.wordcamp.org\/2014\/wp-json\/wp\/v2\/users\/1187475"}],"replies":[{"embeddable":true,"href":"https:\/\/peru.wordcamp.org\/2014\/wp-json\/wp\/v2\/comments?post=1"}],"version-history":[{"count":18,"href":"https:\/\/peru.wordcamp.org\/2014\/wp-json\/wp\/v2\/pages\/1\/revisions"}],"predecessor-version":[{"id":141242,"href":"https:\/\/peru.wordcamp.org\/2014\/wp-json\/wp\/v2\/pages\/1\/revisions\/141242"}],"wp:attachment":[{"href":"https:\/\/peru.wordcamp.org\/2014\/wp-json\/wp\/v2\/media?parent=1"}],"curies":[{"name":"wp","href":"https:\/\/api.w.org\/{rel}","templated":true}]}}